{"id":6,"date":"2021-11-07T18:09:53","date_gmt":"2021-11-07T21:09:53","guid":{"rendered":"https:\/\/riscapao.com.br\/loja\/index.php\/cart\/"},"modified":"2021-12-15T15:25:47","modified_gmt":"2021-12-15T18:25:47","slug":"carrinho","status":"publish","type":"page","link":"https:\/\/riscapao.com.br\/loja\/carrinho\/","title":{"rendered":"carrinho"},"content":{"rendered":"\t\t<div data-elementor-type=\"wp-page\" data-elementor-id=\"6\" class=\"elementor elementor-6\" data-elementor-settings=\"{&quot;ha_cmc_init_switcher&quot;:&quot;no&quot;}\" data-elementor-post-type=\"page\">\n\t\t\t\t\t\t<section class=\"elementor-section elementor-top-section elementor-element elementor-element-3af7a979 elementor-section-boxed elementor-section-height-default elementor-section-height-default\" data-id=\"3af7a979\" data-element_type=\"section\">\n\t\t\t\t\t\t<div class=\"elementor-container elementor-column-gap-default\">\n\t\t\t\t\t<div class=\"elementor-column elementor-col-100 elementor-top-column elementor-element elementor-element-515f18b5\" data-id=\"515f18b5\" data-element_type=\"column\">\n\t\t\t<div class=\"elementor-widget-wrap elementor-element-populated\">\n\t\t\t\t\t\t<div class=\"elementor-element elementor-element-28df7cb8 elementor-widget elementor-widget-text-editor\" data-id=\"28df7cb8\" data-element_type=\"widget\" data-widget_type=\"text-editor.default\">\n\t\t\t\t<div class=\"elementor-widget-container\">\n\t\t\t\t\t\t\t\t\t\t\t\t\t\t\t\t\t<\/div>\n\t\t\t\t<\/div>\n\t\t\t\t\t<\/div>\n\t\t<\/div>\n\t\t\t\t\t<\/div>\n\t\t<\/section>\n\t\t\t\t<section class=\"elementor-section elementor-top-section elementor-element elementor-element-7dad11f elementor-hidden-desktop elementor-section-boxed elementor-section-height-default elementor-section-height-default\" data-id=\"7dad11f\" data-element_type=\"section\">\n\t\t\t\t\t\t<div class=\"elementor-container elementor-column-gap-default\">\n\t\t\t\t\t<div class=\"elementor-column elementor-col-100 elementor-top-column elementor-element elementor-element-8d0a638\" data-id=\"8d0a638\" data-element_type=\"column\">\n\t\t\t<div class=\"elementor-widget-wrap elementor-element-populated\">\n\t\t\t\t\t\t<div class=\"elementor-element elementor-element-0b93644 elementor-hidden-desktop elementor-widget elementor-widget-text-editor\" data-id=\"0b93644\" data-element_type=\"widget\" data-widget_type=\"text-editor.default\">\n\t\t\t\t<div class=\"elementor-widget-container\">\n\t\t\t\t\t\t\t\t\t<h4 style=\"text-align: center;\"><strong>QUEM COMPROU, AMOU<\/strong> \u2764\ufe0f<\/h4>\t\t\t\t\t\t\t\t<\/div>\n\t\t\t\t<\/div>\n\t\t\t\t<div class=\"elementor-element elementor-element-48c756e elementor-widget elementor-widget-text-editor\" data-id=\"48c756e\" data-element_type=\"widget\" data-widget_type=\"text-editor.default\">\n\t\t\t\t<div class=\"elementor-widget-container\">\n\t\t\t\t\t\t\t\t\t<blockquote>\n<p style=\"text-align: center;\"><em>J\u00e1 compro a um bom tempo os produtos do riscap\u00e3o, eles s\u00e3o muito bom para minha padaria e meu padeiro usa satisfeito.<\/em><br \/><strong>Patr\u00edcia L. Silva.<\/strong><\/p>\n<p style=\"text-align: center;\">\u2b50\u2b50\u2b50\u2b50\u2b50<\/p>\n<p style=\"text-align: center;\">\u00a0<\/p>\n<p style=\"text-align: center;\"><em>O Riscap\u00e3o \u00e9 de excelente qualidade e muito seguro, eu uso diariamente e acho fundamental no meu trabalho me ajuda muito.<\/em><br \/><strong>Chef Alexandre R.<\/strong><\/p>\n<p style=\"text-align: center;\">\u2b50\u2b50\u2b50\u2b50\u2b50<\/p>\n<p style=\"text-align: center;\">\u00a0<\/p>\n<p style=\"text-align: center;\"><em>Amo o Riscap\u00e3o, nos meus cursos ensino a usar os riscadores do Riscap\u00e3o, justamente pela seguran\u00e7a e pela qualidade.<\/em><br \/><strong>Prof\u00aa. Fl\u00e1via Lucian<\/strong><\/p>\n<p style=\"text-align: center;\">\u2b50\u2b50\u2b50\u2b50\u2b50<\/p>\n<\/blockquote>\t\t\t\t\t\t\t\t<\/div>\n\t\t\t\t<\/div>\n\t\t\t\t\t<\/div>\n\t\t<\/div>\n\t\t\t\t\t<\/div>\n\t\t<\/section>\n\t\t\t\t<\/div>\n\t\t","protected":false},"excerpt":{"rendered":"<p>QUEM COMPROU, AMOU \u2764\ufe0f J\u00e1 compro a um bom tempo os produtos do riscap\u00e3o, eles s\u00e3o muito bom para minha padaria e meu padeiro usa satisfeito.Patr\u00edcia L. Silva. \u2b50\u2b50\u2b50\u2b50\u2b50 \u00a0 O Riscap\u00e3o \u00e9 de excelente qualidade e muito seguro, eu uso diariamente e acho fundamental no meu trabalho me ajuda muito.Chef Alexandre R. \u2b50\u2b50\u2b50\u2b50\u2b50 \u00a0 [&hellip;]<\/p>\n","protected":false},"author":1,"featured_media":0,"parent":0,"menu_order":0,"comment_status":"closed","ping_status":"closed","template":"","meta":{"footnotes":""},"class_list":["post-6","page","type-page","status-publish","hentry"],"yoast_head":"<!-- This site is optimized with the Yoast SEO Premium plugin v26.3 (Yoast SEO v26.3) - https:\/\/yoast.com\/wordpress\/plugins\/seo\/ -->\n<title>carrinho - Riscap\u00e3o \u00a9<\/title>\n<meta name=\"robots\" content=\"index, follow, max-snippet:-1, max-image-preview:large, max-video-preview:-1\" \/>\n<link rel=\"canonical\" href=\"https:\/\/riscapao.com.br\/loja\/carrinho\/\" \/>\n<meta property=\"og:locale\" content=\"pt_BR\" \/>\n<meta property=\"og:type\" content=\"article\" \/>\n<meta property=\"og:title\" content=\"carrinho\" \/>\n<meta property=\"og:description\" content=\"QUEM COMPROU, AMOU \u2764\ufe0f J\u00e1 compro a um bom tempo os produtos do riscap\u00e3o, eles s\u00e3o muito bom para minha padaria e meu padeiro usa satisfeito.Patr\u00edcia L. Silva. \u2b50\u2b50\u2b50\u2b50\u2b50 \u00a0 O Riscap\u00e3o \u00e9 de excelente qualidade e muito seguro, eu uso diariamente e acho fundamental no meu trabalho me ajuda muito.Chef Alexandre R. \u2b50\u2b50\u2b50\u2b50\u2b50 \u00a0 [&hellip;]\" \/>\n<meta property=\"og:url\" content=\"https:\/\/riscapao.com.br\/loja\/carrinho\/\" \/>\n<meta property=\"og:site_name\" content=\"Riscap\u00e3o \u00a9\" \/>\n<meta property=\"article:publisher\" content=\"https:\/\/facebook.com\/riscapao\" \/>\n<meta property=\"article:modified_time\" content=\"2021-12-15T18:25:47+00:00\" \/>\n<meta name=\"twitter:card\" content=\"summary_large_image\" \/>\n<meta name=\"twitter:label1\" content=\"Est. tempo de leitura\" \/>\n\t<meta name=\"twitter:data1\" content=\"5 minutos\" \/>\n<script type=\"application\/ld+json\" class=\"yoast-schema-graph\">{\"@context\":\"https:\/\/schema.org\",\"@graph\":[{\"@type\":\"WebPage\",\"@id\":\"https:\/\/riscapao.com.br\/loja\/carrinho\/\",\"url\":\"https:\/\/riscapao.com.br\/loja\/carrinho\/\",\"name\":\"carrinho - Riscap\u00e3o \u00a9\",\"isPartOf\":{\"@id\":\"https:\/\/riscapao.com.br\/loja\/#website\"},\"datePublished\":\"2021-11-07T21:09:53+00:00\",\"dateModified\":\"2021-12-15T18:25:47+00:00\",\"breadcrumb\":{\"@id\":\"https:\/\/riscapao.com.br\/loja\/carrinho\/#breadcrumb\"},\"inLanguage\":\"pt-BR\",\"potentialAction\":[{\"@type\":\"ReadAction\",\"target\":[\"https:\/\/riscapao.com.br\/loja\/carrinho\/\"]}]},{\"@type\":\"BreadcrumbList\",\"@id\":\"https:\/\/riscapao.com.br\/loja\/carrinho\/#breadcrumb\",\"itemListElement\":[{\"@type\":\"ListItem\",\"position\":1,\"name\":\"Home\",\"item\":\"https:\/\/riscapao.com.br\/loja\/\"},{\"@type\":\"ListItem\",\"position\":2,\"name\":\"carrinho\"}]},{\"@type\":\"WebSite\",\"@id\":\"https:\/\/riscapao.com.br\/loja\/#website\",\"url\":\"https:\/\/riscapao.com.br\/loja\/\",\"name\":\"Riscap\u00e3o \u00a9\",\"description\":\"Utens\u00edlio perfeito na arte de Riscar o P\u00e3o\",\"publisher\":{\"@id\":\"https:\/\/riscapao.com.br\/loja\/#organization\"},\"potentialAction\":[{\"@type\":\"SearchAction\",\"target\":{\"@type\":\"EntryPoint\",\"urlTemplate\":\"https:\/\/riscapao.com.br\/loja\/?s={search_term_string}\"},\"query-input\":{\"@type\":\"PropertyValueSpecification\",\"valueRequired\":true,\"valueName\":\"search_term_string\"}}],\"inLanguage\":\"pt-BR\"},{\"@type\":\"Organization\",\"@id\":\"https:\/\/riscapao.com.br\/loja\/#organization\",\"name\":\"Riscapao \u00a9\",\"url\":\"https:\/\/riscapao.com.br\/loja\/\",\"logo\":{\"@type\":\"ImageObject\",\"inLanguage\":\"pt-BR\",\"@id\":\"https:\/\/riscapao.com.br\/loja\/#\/schema\/logo\/image\/\",\"url\":\"https:\/\/riscapao.com.br\/loja\/wp-content\/uploads\/2021\/11\/1529963532_logotipo.png\",\"contentUrl\":\"https:\/\/riscapao.com.br\/loja\/wp-content\/uploads\/2021\/11\/1529963532_logotipo.png\",\"width\":300,\"height\":250,\"caption\":\"Riscapao \u00a9\"},\"image\":{\"@id\":\"https:\/\/riscapao.com.br\/loja\/#\/schema\/logo\/image\/\"},\"sameAs\":[\"https:\/\/facebook.com\/riscapao\"]}]}<\/script>\n<!-- \/ Yoast SEO Premium plugin. -->","yoast_head_json":{"title":"carrinho - Riscap\u00e3o \u00a9","robots":{"index":"index","follow":"follow","max-snippet":"max-snippet:-1","max-image-preview":"max-image-preview:large","max-video-preview":"max-video-preview:-1"},"canonical":"https:\/\/riscapao.com.br\/loja\/carrinho\/","og_locale":"pt_BR","og_type":"article","og_title":"carrinho","og_description":"QUEM COMPROU, AMOU \u2764\ufe0f J\u00e1 compro a um bom tempo os produtos do riscap\u00e3o, eles s\u00e3o muito bom para minha padaria e meu padeiro usa satisfeito.Patr\u00edcia L. Silva. \u2b50\u2b50\u2b50\u2b50\u2b50 \u00a0 O Riscap\u00e3o \u00e9 de excelente qualidade e muito seguro, eu uso diariamente e acho fundamental no meu trabalho me ajuda muito.Chef Alexandre R. \u2b50\u2b50\u2b50\u2b50\u2b50 \u00a0 [&hellip;]","og_url":"https:\/\/riscapao.com.br\/loja\/carrinho\/","og_site_name":"Riscap\u00e3o \u00a9","article_publisher":"https:\/\/facebook.com\/riscapao","article_modified_time":"2021-12-15T18:25:47+00:00","twitter_card":"summary_large_image","twitter_misc":{"Est. tempo de leitura":"5 minutos"},"schema":{"@context":"https:\/\/schema.org","@graph":[{"@type":"WebPage","@id":"https:\/\/riscapao.com.br\/loja\/carrinho\/","url":"https:\/\/riscapao.com.br\/loja\/carrinho\/","name":"carrinho - Riscap\u00e3o \u00a9","isPartOf":{"@id":"https:\/\/riscapao.com.br\/loja\/#website"},"datePublished":"2021-11-07T21:09:53+00:00","dateModified":"2021-12-15T18:25:47+00:00","breadcrumb":{"@id":"https:\/\/riscapao.com.br\/loja\/carrinho\/#breadcrumb"},"inLanguage":"pt-BR","potentialAction":[{"@type":"ReadAction","target":["https:\/\/riscapao.com.br\/loja\/carrinho\/"]}]},{"@type":"BreadcrumbList","@id":"https:\/\/riscapao.com.br\/loja\/carrinho\/#breadcrumb","itemListElement":[{"@type":"ListItem","position":1,"name":"Home","item":"https:\/\/riscapao.com.br\/loja\/"},{"@type":"ListItem","position":2,"name":"carrinho"}]},{"@type":"WebSite","@id":"https:\/\/riscapao.com.br\/loja\/#website","url":"https:\/\/riscapao.com.br\/loja\/","name":"Riscap\u00e3o \u00a9","description":"Utens\u00edlio perfeito na arte de Riscar o P\u00e3o","publisher":{"@id":"https:\/\/riscapao.com.br\/loja\/#organization"},"potentialAction":[{"@type":"SearchAction","target":{"@type":"EntryPoint","urlTemplate":"https:\/\/riscapao.com.br\/loja\/?s={search_term_string}"},"query-input":{"@type":"PropertyValueSpecification","valueRequired":true,"valueName":"search_term_string"}}],"inLanguage":"pt-BR"},{"@type":"Organization","@id":"https:\/\/riscapao.com.br\/loja\/#organization","name":"Riscapao \u00a9","url":"https:\/\/riscapao.com.br\/loja\/","logo":{"@type":"ImageObject","inLanguage":"pt-BR","@id":"https:\/\/riscapao.com.br\/loja\/#\/schema\/logo\/image\/","url":"https:\/\/riscapao.com.br\/loja\/wp-content\/uploads\/2021\/11\/1529963532_logotipo.png","contentUrl":"https:\/\/riscapao.com.br\/loja\/wp-content\/uploads\/2021\/11\/1529963532_logotipo.png","width":300,"height":250,"caption":"Riscapao \u00a9"},"image":{"@id":"https:\/\/riscapao.com.br\/loja\/#\/schema\/logo\/image\/"},"sameAs":["https:\/\/facebook.com\/riscapao"]}]}},"_links":{"self":[{"href":"https:\/\/riscapao.com.br\/loja\/wp-json\/wp\/v2\/pages\/6","targetHints":{"allow":["GET"]}}],"collection":[{"href":"https:\/\/riscapao.com.br\/loja\/wp-json\/wp\/v2\/pages"}],"about":[{"href":"https:\/\/riscapao.com.br\/loja\/wp-json\/wp\/v2\/types\/page"}],"author":[{"embeddable":true,"href":"https:\/\/riscapao.com.br\/loja\/wp-json\/wp\/v2\/users\/1"}],"replies":[{"embeddable":true,"href":"https:\/\/riscapao.com.br\/loja\/wp-json\/wp\/v2\/comments?post=6"}],"version-history":[{"count":0,"href":"https:\/\/riscapao.com.br\/loja\/wp-json\/wp\/v2\/pages\/6\/revisions"}],"wp:attachment":[{"href":"https:\/\/riscapao.com.br\/loja\/wp-json\/wp\/v2\/media?parent=6"}],"curies":[{"name":"wp","href":"https:\/\/api.w.org\/{rel}","templated":true}]}}