{"id":3,"date":"2021-11-07T18:09:35","date_gmt":"2021-11-07T21:09:35","guid":{"rendered":"https:\/\/riscapao.com.br\/loja\/?page_id=3"},"modified":"2021-11-26T08:43:56","modified_gmt":"2021-11-26T11:43:56","slug":"politica-de-privacidade","status":"publish","type":"page","link":"https:\/\/riscapao.com.br\/loja\/politica-de-privacidade\/","title":{"rendered":"POL\u00cdTICA DE TROCA, DEVOLU\u00c7\u00c3O E ARREPENDIMENTO"},"content":{"rendered":"\t\t<div data-elementor-type=\"wp-page\" data-elementor-id=\"3\" class=\"elementor elementor-3\" data-elementor-settings=\"{&quot;ha_cmc_init_switcher&quot;:&quot;no&quot;}\" data-elementor-post-type=\"page\">\n\t\t\t\t\t\t<section class=\"elementor-section elementor-top-section elementor-element elementor-element-6df2ad60 elementor-section-boxed elementor-section-height-default elementor-section-height-default\" data-id=\"6df2ad60\" data-element_type=\"section\">\n\t\t\t\t\t\t<div class=\"elementor-container elementor-column-gap-default\">\n\t\t\t\t\t<div class=\"elementor-column elementor-col-100 elementor-top-column elementor-element elementor-element-54368f85\" data-id=\"54368f85\" data-element_type=\"column\">\n\t\t\t<div class=\"elementor-widget-wrap elementor-element-populated\">\n\t\t\t\t\t\t<div class=\"elementor-element elementor-element-3f13478e elementor-widget elementor-widget-text-editor\" data-id=\"3f13478e\" data-element_type=\"widget\" data-widget_type=\"text-editor.default\">\n\t\t\t\t<div class=\"elementor-widget-container\">\n\t\t\t\t\t\t\t\t\t\n<h2 class=\"wp-block-heading\" id=\"h-pol-tica-de-troca-devolu-o-e-arrependimento\">POL\u00cdTICA DE TROCA, DEVOLU\u00c7\u00c3O E ARREPENDIMENTO<\/h2>\n\n<p>A Riscap\u00e3o utiliza tecnologia de ponta para a fabrica\u00e7\u00e3o de seus produtos, primando pela qualidade e satisfa\u00e7\u00e3o de seus clientes. Pelo respeito e para que seja mantida a credibilidade conquistada junto aos seus consumidores, a empresa criou uma pol\u00edtica de troca e devolu\u00e7\u00e3o de acordo com o C\u00f3digo de Defesa do Consumidor, e preocupada para que voc\u00ea (cliente) obtenha uma negocia\u00e7\u00e3o eficaz, \u00e1gil e principalmente satisfat\u00f3ria.<\/p>\n\n<p>Caso opte pelo contato via correio eletr\u00f4nico ou telef\u00f4nico, ser\u00e1 encaminhado a voc\u00ea o formul\u00e1rio para preenchimento e envio junto \u00e0(s) pe\u00e7a(s). O produto devolvido sem esse formul\u00e1rio e\/ou sem a comunica\u00e7\u00e3o ao SAC ser\u00e1 reenviado sem consulta pr\u00e9via.<\/p>\n\n<p>Ao efetuar o processo de devolu\u00e7\u00e3o\/troca o cliente dever\u00e1 no verso da nota fiscal a ser devolvida\/trocada, informar o motivo da devolu\u00e7\u00e3o\/troca, o nome de quem est\u00e1 devolvendo, CPF e a data da devolu\u00e7\u00e3o.<\/p>\n\n<p><strong>*ATEN\u00c7\u00c3O:<\/strong>\u00a0Para efetuar o processo de troca \u00e9 necess\u00e1rio estar logado. Devolu\u00e7\u00e3o por Arrependimento\/Desist\u00eancia Se ao receber o produto, voc\u00ea resolver devolv\u00ea-lo por arrependimento, dever\u00e1 faz\u00ea-lo em at\u00e9 sete dias corridos, a contar da data de recebimento.<\/p>\n\n<p>Observando as seguintes condi\u00e7\u00f5es: O produto n\u00e3o poder\u00e1 ter ind\u00edcios de uso.<\/p>\n\n<p>O produto dever\u00e1 ser encaminhado preferencialmente na embalagem original, acompanhado de nota fiscal, etiquetas, tags (etiqueta com c\u00f3digo de refer\u00eancia do produto) devidamente fixada no produto e todos os seus acess\u00f3rios.<\/p>\n\n<p>Ao efetuar o processo de devolu\u00e7\u00e3o o cliente dever\u00e1 no verso da nota fiscal a ser devolvida, informar o motivo da recusa\/devolu\u00e7\u00e3o, o nome de quem est\u00e1 devolvendo, CPF e a data da devolu\u00e7\u00e3o.<\/p>\n\t\t\t\t\t\t\t\t<\/div>\n\t\t\t\t<\/div>\n\t\t\t\t\t<\/div>\n\t\t<\/div>\n\t\t\t\t\t<\/div>\n\t\t<\/section>\n\t\t\t\t<\/div>\n\t\t","protected":false},"excerpt":{"rendered":"<p>POL\u00cdTICA DE TROCA, DEVOLU\u00c7\u00c3O E ARREPENDIMENTO A Riscap\u00e3o utiliza tecnologia de ponta para a fabrica\u00e7\u00e3o de seus produtos, primando pela qualidade e satisfa\u00e7\u00e3o de seus clientes. Pelo respeito e para que seja mantida a credibilidade conquistada junto aos seus consumidores, a empresa criou uma pol\u00edtica de troca e devolu\u00e7\u00e3o de acordo com o C\u00f3digo de [&hellip;]<\/p>\n","protected":false},"author":1,"featured_media":0,"parent":0,"menu_order":0,"comment_status":"closed","ping_status":"open","template":"elementor_canvas","meta":{"footnotes":""},"class_list":["post-3","page","type-page","status-publish","hentry"],"yoast_head":"<!-- This site is optimized with the Yoast SEO Premium plugin v26.3 (Yoast SEO v26.3) - https:\/\/yoast.com\/wordpress\/plugins\/seo\/ -->\n<title>POL\u00cdTICA DE TROCA, DEVOLU\u00c7\u00c3O E ARREPENDIMENTO - Riscap\u00e3o \u00a9<\/title>\n<meta name=\"robots\" content=\"index, follow, max-snippet:-1, max-image-preview:large, max-video-preview:-1\" \/>\n<link rel=\"canonical\" href=\"https:\/\/riscapao.com.br\/loja\/politica-de-privacidade\/\" \/>\n<meta property=\"og:locale\" content=\"pt_BR\" \/>\n<meta property=\"og:type\" content=\"article\" \/>\n<meta property=\"og:title\" content=\"POL\u00cdTICA DE TROCA, DEVOLU\u00c7\u00c3O E ARREPENDIMENTO\" \/>\n<meta property=\"og:description\" content=\"POL\u00cdTICA DE TROCA, DEVOLU\u00c7\u00c3O E ARREPENDIMENTO A Riscap\u00e3o utiliza tecnologia de ponta para a fabrica\u00e7\u00e3o de seus produtos, primando pela qualidade e satisfa\u00e7\u00e3o de seus clientes. Pelo respeito e para que seja mantida a credibilidade conquistada junto aos seus consumidores, a empresa criou uma pol\u00edtica de troca e devolu\u00e7\u00e3o de acordo com o C\u00f3digo de [&hellip;]\" \/>\n<meta property=\"og:url\" content=\"https:\/\/riscapao.com.br\/loja\/politica-de-privacidade\/\" \/>\n<meta property=\"og:site_name\" content=\"Riscap\u00e3o \u00a9\" \/>\n<meta property=\"article:publisher\" content=\"https:\/\/facebook.com\/riscapao\" \/>\n<meta property=\"article:modified_time\" content=\"2021-11-26T11:43:56+00:00\" \/>\n<meta name=\"twitter:card\" content=\"summary_large_image\" \/>\n<meta name=\"twitter:label1\" content=\"Est. tempo de leitura\" \/>\n\t<meta name=\"twitter:data1\" content=\"2 minutos\" \/>\n<script type=\"application\/ld+json\" class=\"yoast-schema-graph\">{\"@context\":\"https:\/\/schema.org\",\"@graph\":[{\"@type\":\"WebPage\",\"@id\":\"https:\/\/riscapao.com.br\/loja\/politica-de-privacidade\/\",\"url\":\"https:\/\/riscapao.com.br\/loja\/politica-de-privacidade\/\",\"name\":\"POL\u00cdTICA DE TROCA, DEVOLU\u00c7\u00c3O E ARREPENDIMENTO - Riscap\u00e3o \u00a9\",\"isPartOf\":{\"@id\":\"https:\/\/riscapao.com.br\/loja\/#website\"},\"datePublished\":\"2021-11-07T21:09:35+00:00\",\"dateModified\":\"2021-11-26T11:43:56+00:00\",\"breadcrumb\":{\"@id\":\"https:\/\/riscapao.com.br\/loja\/politica-de-privacidade\/#breadcrumb\"},\"inLanguage\":\"pt-BR\",\"potentialAction\":[{\"@type\":\"ReadAction\",\"target\":[\"https:\/\/riscapao.com.br\/loja\/politica-de-privacidade\/\"]}]},{\"@type\":\"BreadcrumbList\",\"@id\":\"https:\/\/riscapao.com.br\/loja\/politica-de-privacidade\/#breadcrumb\",\"itemListElement\":[{\"@type\":\"ListItem\",\"position\":1,\"name\":\"Home\",\"item\":\"https:\/\/riscapao.com.br\/loja\/\"},{\"@type\":\"ListItem\",\"position\":2,\"name\":\"POL\u00cdTICA DE TROCA, DEVOLU\u00c7\u00c3O E ARREPENDIMENTO\"}]},{\"@type\":\"WebSite\",\"@id\":\"https:\/\/riscapao.com.br\/loja\/#website\",\"url\":\"https:\/\/riscapao.com.br\/loja\/\",\"name\":\"Riscap\u00e3o \u00a9\",\"description\":\"Utens\u00edlio perfeito na arte de Riscar o P\u00e3o\",\"publisher\":{\"@id\":\"https:\/\/riscapao.com.br\/loja\/#organization\"},\"potentialAction\":[{\"@type\":\"SearchAction\",\"target\":{\"@type\":\"EntryPoint\",\"urlTemplate\":\"https:\/\/riscapao.com.br\/loja\/?s={search_term_string}\"},\"query-input\":{\"@type\":\"PropertyValueSpecification\",\"valueRequired\":true,\"valueName\":\"search_term_string\"}}],\"inLanguage\":\"pt-BR\"},{\"@type\":\"Organization\",\"@id\":\"https:\/\/riscapao.com.br\/loja\/#organization\",\"name\":\"Riscapao \u00a9\",\"url\":\"https:\/\/riscapao.com.br\/loja\/\",\"logo\":{\"@type\":\"ImageObject\",\"inLanguage\":\"pt-BR\",\"@id\":\"https:\/\/riscapao.com.br\/loja\/#\/schema\/logo\/image\/\",\"url\":\"https:\/\/riscapao.com.br\/loja\/wp-content\/uploads\/2021\/11\/1529963532_logotipo.png\",\"contentUrl\":\"https:\/\/riscapao.com.br\/loja\/wp-content\/uploads\/2021\/11\/1529963532_logotipo.png\",\"width\":300,\"height\":250,\"caption\":\"Riscapao \u00a9\"},\"image\":{\"@id\":\"https:\/\/riscapao.com.br\/loja\/#\/schema\/logo\/image\/\"},\"sameAs\":[\"https:\/\/facebook.com\/riscapao\"]}]}<\/script>\n<!-- \/ Yoast SEO Premium plugin. -->","yoast_head_json":{"title":"POL\u00cdTICA DE TROCA, DEVOLU\u00c7\u00c3O E ARREPENDIMENTO - Riscap\u00e3o \u00a9","robots":{"index":"index","follow":"follow","max-snippet":"max-snippet:-1","max-image-preview":"max-image-preview:large","max-video-preview":"max-video-preview:-1"},"canonical":"https:\/\/riscapao.com.br\/loja\/politica-de-privacidade\/","og_locale":"pt_BR","og_type":"article","og_title":"POL\u00cdTICA DE TROCA, DEVOLU\u00c7\u00c3O E ARREPENDIMENTO","og_description":"POL\u00cdTICA DE TROCA, DEVOLU\u00c7\u00c3O E ARREPENDIMENTO A Riscap\u00e3o utiliza tecnologia de ponta para a fabrica\u00e7\u00e3o de seus produtos, primando pela qualidade e satisfa\u00e7\u00e3o de seus clientes. Pelo respeito e para que seja mantida a credibilidade conquistada junto aos seus consumidores, a empresa criou uma pol\u00edtica de troca e devolu\u00e7\u00e3o de acordo com o C\u00f3digo de [&hellip;]","og_url":"https:\/\/riscapao.com.br\/loja\/politica-de-privacidade\/","og_site_name":"Riscap\u00e3o \u00a9","article_publisher":"https:\/\/facebook.com\/riscapao","article_modified_time":"2021-11-26T11:43:56+00:00","twitter_card":"summary_large_image","twitter_misc":{"Est. tempo de leitura":"2 minutos"},"schema":{"@context":"https:\/\/schema.org","@graph":[{"@type":"WebPage","@id":"https:\/\/riscapao.com.br\/loja\/politica-de-privacidade\/","url":"https:\/\/riscapao.com.br\/loja\/politica-de-privacidade\/","name":"POL\u00cdTICA DE TROCA, DEVOLU\u00c7\u00c3O E ARREPENDIMENTO - Riscap\u00e3o \u00a9","isPartOf":{"@id":"https:\/\/riscapao.com.br\/loja\/#website"},"datePublished":"2021-11-07T21:09:35+00:00","dateModified":"2021-11-26T11:43:56+00:00","breadcrumb":{"@id":"https:\/\/riscapao.com.br\/loja\/politica-de-privacidade\/#breadcrumb"},"inLanguage":"pt-BR","potentialAction":[{"@type":"ReadAction","target":["https:\/\/riscapao.com.br\/loja\/politica-de-privacidade\/"]}]},{"@type":"BreadcrumbList","@id":"https:\/\/riscapao.com.br\/loja\/politica-de-privacidade\/#breadcrumb","itemListElement":[{"@type":"ListItem","position":1,"name":"Home","item":"https:\/\/riscapao.com.br\/loja\/"},{"@type":"ListItem","position":2,"name":"POL\u00cdTICA DE TROCA, DEVOLU\u00c7\u00c3O E ARREPENDIMENTO"}]},{"@type":"WebSite","@id":"https:\/\/riscapao.com.br\/loja\/#website","url":"https:\/\/riscapao.com.br\/loja\/","name":"Riscap\u00e3o \u00a9","description":"Utens\u00edlio perfeito na arte de Riscar o P\u00e3o","publisher":{"@id":"https:\/\/riscapao.com.br\/loja\/#organization"},"potentialAction":[{"@type":"SearchAction","target":{"@type":"EntryPoint","urlTemplate":"https:\/\/riscapao.com.br\/loja\/?s={search_term_string}"},"query-input":{"@type":"PropertyValueSpecification","valueRequired":true,"valueName":"search_term_string"}}],"inLanguage":"pt-BR"},{"@type":"Organization","@id":"https:\/\/riscapao.com.br\/loja\/#organization","name":"Riscapao \u00a9","url":"https:\/\/riscapao.com.br\/loja\/","logo":{"@type":"ImageObject","inLanguage":"pt-BR","@id":"https:\/\/riscapao.com.br\/loja\/#\/schema\/logo\/image\/","url":"https:\/\/riscapao.com.br\/loja\/wp-content\/uploads\/2021\/11\/1529963532_logotipo.png","contentUrl":"https:\/\/riscapao.com.br\/loja\/wp-content\/uploads\/2021\/11\/1529963532_logotipo.png","width":300,"height":250,"caption":"Riscapao \u00a9"},"image":{"@id":"https:\/\/riscapao.com.br\/loja\/#\/schema\/logo\/image\/"},"sameAs":["https:\/\/facebook.com\/riscapao"]}]}},"_links":{"self":[{"href":"https:\/\/riscapao.com.br\/loja\/wp-json\/wp\/v2\/pages\/3","targetHints":{"allow":["GET"]}}],"collection":[{"href":"https:\/\/riscapao.com.br\/loja\/wp-json\/wp\/v2\/pages"}],"about":[{"href":"https:\/\/riscapao.com.br\/loja\/wp-json\/wp\/v2\/types\/page"}],"author":[{"embeddable":true,"href":"https:\/\/riscapao.com.br\/loja\/wp-json\/wp\/v2\/users\/1"}],"replies":[{"embeddable":true,"href":"https:\/\/riscapao.com.br\/loja\/wp-json\/wp\/v2\/comments?post=3"}],"version-history":[{"count":0,"href":"https:\/\/riscapao.com.br\/loja\/wp-json\/wp\/v2\/pages\/3\/revisions"}],"wp:attachment":[{"href":"https:\/\/riscapao.com.br\/loja\/wp-json\/wp\/v2\/media?parent=3"}],"curies":[{"name":"wp","href":"https:\/\/api.w.org\/{rel}","templated":true}]}}